{"id":5420,"date":"2018-05-21T16:34:07","date_gmt":"2018-05-21T16:34:07","guid":{"rendered":"https:\/\/clinicamedicadoporto.pt\/staging\/?page_id=5420"},"modified":"2025-08-01T16:48:05","modified_gmt":"2025-08-01T15:48:05","slug":"politica-de-cookies","status":"publish","type":"page","link":"https:\/\/clinicamedicadoporto.pt\/staging\/politica-de-cookies\/","title":{"rendered":"Pol\u00edtica de Cookies"},"content":{"rendered":"<div class=\"wpb-content-wrapper\"><p>[vc_row css=&#8221;.vc_custom_1473068459828{margin-top: 3% !important;margin-bottom: 0px !important;padding-bottom: 0px !important;}&#8221;][vc_column]<header class=\"kwayy-heading-wrapper kwayy-heading-wrapper-align-left\"><div class=\"kwayy-heading-wrapper-inner\"><h1 class=\"kwayy-heading-align-left\"><span>Pol\u00edtica de Cookies da Cl\u00ednica M\u00e9dica do Porto<\/span><\/h1><\/div><\/header>[\/vc_column][\/vc_row][vc_row css=&#8221;.vc_custom_1473068094221{margin-top: 0px !important;padding-top: 0px !important;}&#8221;][vc_column width=&#8221;1\/3&#8243;][vc_column_text]<strong>1 &#8211; \u00c2mbito<\/strong> A presente Pol\u00edtica de Cookies explica como a tecnologia de Cookies e similares s\u00e3o utilizadas quando visita o site clinicamedicadoporto.pt e seus associados (www.clinica-medica-porto.com, www.clinica-medica-porto.pt, www.clinica-porto.com, www.clinica-porto.pt, www.clinicamedicadoporto.com, www.clinicamedicaporto.com, www.clinicamedicaporto.pt), e ainda o modo como poder\u00e1 exercer os seus direitos no que concerne \u00e0 sua utiliza\u00e7\u00e3o. A Cl\u00ednica M\u00e9dica do Porto reserva-se o direito de alterar a sua Pol\u00edtica de Cookies a qualquer momento, sem necessidade de notifica\u00e7\u00e3o pr\u00e9via, dando conta da sua \u00faltima altera\u00e7\u00e3o no final do presente texto. O respons\u00e1vel pelo tratamento directo das informa\u00e7\u00f5es recolhidas \u00e9 a Cl\u00ednica M\u00e9dica do Porto, com designa\u00e7\u00e3o social NUTHOP &#8211; Servi\u00e7os de Sa\u00fade, Lda., NIPC 513 903 453, e quaisquer d\u00favidas relativamente a esta Pol\u00edtica dever\u00e3o ser dirigidas \u00e0 sua sede, localizada na Rua da Venezuela, n185, 4150-744 Porto, ou por email devendo o utilizador recorrer ao formul\u00e1rio disponibilizado no pr\u00f3prio site. <strong>2 &#8211; Finalidade<\/strong>\u00a0A Cl\u00ednica M\u00e9dica do Porto faz uso de cookies para melhorar a experi\u00eancia do utilizador no nosso site, bem como para a prossecu\u00e7\u00e3o dos seus objectivos de comunica\u00e7\u00e3o e marketing. A este n\u00edvel, a Cl\u00ednica M\u00e9dica do Porto utiliza a tecnologia com as finalidades de reconhecimento da visita do utilizador, bem como para medir a efic\u00e1cia das suas campanhas de comunica\u00e7\u00e3o. Para saber mais acerca da forma como utilizamos a tecnologia, contionue a ler o presente documento. Ao utilizar o presente site n\u00e3o desactivando a op\u00e7\u00e3o de utiliza\u00e7\u00e3o de cookies, estar\u00e1 a consentir a sua utiliza\u00e7\u00e3o. <strong>3 &#8211; O que s\u00e3o Cookies<\/strong>\u00a0Os cookies s\u00e3o ficheiros de texto com um identificador exclusivo, que s\u00e3o enviados para\u00a0 o navegador do utilizador que acede ao site, e que ficam armazenados no seu computador ou dispositivo que serviu o acesso. Este ficheiro armazena, de forma anonimizada, uma pequena por\u00e7\u00e3o de dados relacionados com a sua visita. Adicionalmente, podemos usar web beacons, ou[\/vc_column_text][\/vc_column][vc_column width=&#8221;1\/3&#8243;][vc_column_text]pixel tags ou outras tecnologias semelhantes. Este tipo de tecnologia permite-nos saber quando o utilizador visitou a p\u00e1gina pela \u00faltima vez, ou por exemplo se recebeu uma mensagem, tal permite-nos entender a forma como chegou at\u00e9 ao nosso site, por exemplo a partir de um an\u00fancio online, exibido em sites de terceiros, ou atrav\u00e9s de uma campanha de email, ou outro. A Cl\u00ednica M\u00e9dica do Porto utiliza cookies Prim\u00e1rios (aqueles criados e colocados por n\u00f3s), mas pode tamb\u00e9m usar cookies de terceiros &#8211; ver descri\u00e7\u00e3o abaixo. Por outro lado, alguns cookies s\u00e3o apenas cookies de sess\u00e3o, tempor\u00e1rios, que s\u00e3o apenas armazenados enquanto se encontra a aceder aos nossos servi\u00e7os. O utilizador pode escolher se aceita cookies alterando as defini\u00e7\u00f5es do navegador. A desactiva\u00e7\u00e3o desta funcionalidade n\u00e3o impede o acesso \u00e0 p\u00e1gina, mas poder\u00e1 reduzir a qualidade da sua experi\u00eancia e mesmo obrigar \u00e0 desactiva\u00e7\u00e3o de alguns servi\u00e7os.\u00a0<strong>4 &#8211; Quais os Cookies Utilizados<\/strong>\u00a0A maioria da informa\u00e7\u00e3o \u00e9 recolhida a partir dos cookies prim\u00e1rios. Note que as informa\u00e7\u00f5es recolhidas por meio de cookies de terceiros estar\u00e3o sujeitas \u00e0 Pol\u00edtica de Privacidade destes terceiros, n\u00e3o podendo a Cl\u00ednica M\u00e9dica do Porto ser por eles responsabilizada. Cookies Essenciais &#8211; S\u00e3o ficheiros que permitem que o utilizador navegue pelo site, tirando o maior partido dos seus servi\u00e7os e recursos. Sem estes cookies, \u00e9 poss\u00edvel que a experi\u00eancia do utilizador saia prejudicada, ou mesmo que alguns servi\u00e7os n\u00e3o possam ser fornecidos. Cookies Prefer\u00eanciais &#8211; Esses cookies recolhem informa\u00e7\u00f5es sobre suas op\u00e7\u00f5es e prefer\u00eancias por forma a personalizar o Site. Cookies Sociais &#8211; S\u00e3o Cookies usados para permitir que o utilizador partilhe conte\u00fado da Cl\u00ednica M\u00e9dica do Porto atrav\u00e9s das diversas redes sociais. Estes cookis podem tamb\u00e9m ser utilizados com fins publicit\u00e1rios. Cookies Anal\u00edticos &#8211; Estes cookies recolhem informa\u00e7\u00e3o acerca da forma como utiliza o site da Cl\u00ednica M\u00e9dica do Porto e permitem-nos melhorar o seu funcionamento. Um exemplo s\u00e3o os cookies do Google Analytics, que nos fornecem informa\u00e7\u00f5es tais como as p\u00e1ginas mais visitadas, ou o tempo de cada[\/vc_column_text][\/vc_column][vc_column width=&#8221;1\/3&#8243;][vc_column_text]sess\u00e3o, ajudando-nos a perceber se a comunica\u00e7\u00e3o \u00e9 ou n\u00e3o eficaz. Em caso algum estas informa\u00e7\u00f5es s\u00e3o individualizadas. Tal significa que a Cl\u00ednica M\u00e9dica do Porto n\u00e3o tem acesso \u00e0 informa\u00e7\u00e3o particular da pessoa que visita o site, ou seja, os dados s\u00e3o analisados tendo por base o tr\u00e1fego do site, e n\u00e3o os seus utilizadores individuais. Cookies Publicit\u00e1rios &#8211; Estes cookies est\u00e3o configurados para exibir de forma individualizada an\u00fancios ou campanhas tendo por base os seus interesses pessoais e os manifestados no pr\u00f3prio site, permitindo-nos oferecer publicidade segmentada. <strong>5 &#8211; Gerir Cookies<\/strong>\u00a0O utilizador pode alterar as suas configura\u00e7\u00f5es para desactivar total ou parcialmente todos os cookies. A maioria dos navegadores aceitam cookies por defeito. Lembrmos que desactivando todos os cookies \u00e9 poss\u00edvel, por exemplo, que n\u00e3o consiga fazer login em alguns sites. Para alterar as suas configura\u00e7\u00f5es (activar ou desactivar), siga as hiperliga\u00e7\u00f5es, de acordo com o seu navegador: <a href=\"https:\/\/support.google.com\/chrome\/answer\/95647?hl=pt\" target=\"_blank\" rel=\"noopener noreferrer\">Chrome<\/a>; <a href=\"https:\/\/support.apple.com\/en-gb\/guide\/safari\/sfri11471\/mac\" target=\"_blank\" rel=\"nofollow noopener noreferrer\">Safari<\/a>; <a href=\"https:\/\/support.apple.com\/pt-pt\/HT201265\" target=\"_blank\" rel=\"noopener noreferrer\">Safari Mobile<\/a>; <a href=\"https:\/\/support.microsoft.com\/pt-pt\/help\/17442\/windows-internet-explorer-delete-manage-cookies\" target=\"_blank\" rel=\"noopener noreferrer\">Edge Microsoft<\/a>; <a href=\"https:\/\/support.mozilla.org\/pt-PT\/kb\/apagar-cookies-para-remover-informacao-de-sitios-web\" target=\"_blank\" rel=\"noopener noreferrer\">Firefox<\/a>. Para informa\u00e7\u00f5es adicionais acerca de cookis ou da sua configura\u00e7\u00e3o noutros navegadores de internet, por favor consulte o link &#8211; tudo sobre <a href=\"http:\/\/www.allaboutcookies.org\/manage-cookies\/\" target=\"_blank\" rel=\"noopener noreferrer\">Cookies<\/a>. Adicionalmente, se pretende alterar a forma como recebe publicidade direccionada visite (www.aboutads.info\/choices\/ e http:\/\/www.youronlinechoices.eu\/)<\/p>\n<p><strong>\u00daltima Actualiza\u00e7\u00e3o:<\/strong><br \/>\n<strong>17 Mar\u00e7o de 2023<\/strong>[\/vc_column_text][\/vc_column][vc_column][vc_empty_space height=&#8221;50px&#8221;][\/vc_column][\/vc_row]<\/p>\n<\/div>","protected":false},"excerpt":{"rendered":"<p>[vc_row css=&#8221;.vc_custom_1473068459828{margin-top: 3% !important;margin-bottom: 0px !important;padding-bottom: 0px !important;}&#8221;][vc_column][\/vc_column][\/vc_row][vc_row css=&#8221;.vc_custom_1473068094221{margin-top: 0px !important;padding-top: 0px !important;}&#8221;][vc_column width=&#8221;1\/3&#8243;][vc_column_text]1 &#8211; \u00c2mbito A presente Pol\u00edtica de Cookies explica como a tecnologia de Cookies e similares s\u00e3o utilizadas quando visita o site clinicamedicadoporto.pt e seus associados (www.clinica-medica-porto.com, www.clinica-medica-porto.pt, www.clinica-porto.com, www.clinica-porto.pt, www.clinicamedicadoporto.com, www.clinicamedicaporto.com, www.clinicamedicaporto.pt), e ainda o modo como poder\u00e1 exercer os seus [&hellip;]<\/p>\n","protected":false},"author":1,"featured_media":0,"parent":0,"menu_order":0,"comment_status":"closed","ping_status":"closed","template":"","meta":{"footnotes":""},"folder":[656],"class_list":["post-5420","page","type-page","status-publish","hentry"],"_links":{"self":[{"href":"https:\/\/clinicamedicadoporto.pt\/staging\/wp-json\/wp\/v2\/pages\/5420","targetHints":{"allow":["GET"]}}],"collection":[{"href":"https:\/\/clinicamedicadoporto.pt\/staging\/wp-json\/wp\/v2\/pages"}],"about":[{"href":"https:\/\/clinicamedicadoporto.pt\/staging\/wp-json\/wp\/v2\/types\/page"}],"author":[{"embeddable":true,"href":"https:\/\/clinicamedicadoporto.pt\/staging\/wp-json\/wp\/v2\/users\/1"}],"replies":[{"embeddable":true,"href":"https:\/\/clinicamedicadoporto.pt\/staging\/wp-json\/wp\/v2\/comments?post=5420"}],"version-history":[{"count":0,"href":"https:\/\/clinicamedicadoporto.pt\/staging\/wp-json\/wp\/v2\/pages\/5420\/revisions"}],"wp:attachment":[{"href":"https:\/\/clinicamedicadoporto.pt\/staging\/wp-json\/wp\/v2\/media?parent=5420"}],"wp:term":[{"taxonomy":"folder","embeddable":true,"href":"https:\/\/clinicamedicadoporto.pt\/staging\/wp-json\/wp\/v2\/folder?post=5420"}],"curies":[{"name":"wp","href":"https:\/\/api.w.org\/{rel}","templated":true}]}}