{"id":3344,"date":"2017-01-27T12:32:51","date_gmt":"2017-01-27T12:32:51","guid":{"rendered":"https:\/\/clinicamedicadoporto.pt\/staging\/?page_id=3344"},"modified":"2025-08-01T16:48:14","modified_gmt":"2025-08-01T15:48:14","slug":"resolucao-litigios-consumo","status":"publish","type":"page","link":"https:\/\/clinicamedicadoporto.pt\/staging\/resolucao-litigios-consumo\/","title":{"rendered":"Resolu\u00e7\u00e3o de Lit\u00edgios de Consumo"},"content":{"rendered":"<div class=\"wpb-content-wrapper\"><p>[vc_row css=&#8221;.vc_custom_1575139126141{margin-bottom: 0px !important;padding-top: 70px !important;padding-bottom: 0px !important;}&#8221;][vc_column]<header class=\"kwayy-heading-wrapper kwayy-heading-wrapper-align-left\"><div class=\"kwayy-heading-wrapper-inner\"><h1 class=\"kwayy-heading-align-left\"><span>Resolu\u00e7\u00e3o Alternativa de Lit\u00edgios de Consumo<\/span><\/h1><\/div><\/header>[\/vc_column][\/vc_row][vc_row css=&#8221;.vc_custom_1473068094221{margin-top: 0px !important;padding-top: 0px !important;}&#8221;][vc_column width=&#8221;1\/3&#8243; offset=&#8221;vc_col-md-4 vc_col-xs-12&#8243;][vc_column_text]A <span style=\"color: #70c2b4\"><a style=\"color: #70c2b4\" href=\"https:\/\/clinicamedicadoporto.pt\/staging\" target=\"_blank\" rel=\"noopener noreferrer\"><strong>Cl\u00ednica M\u00e9dica do Porto<\/strong><\/a><\/span> desenvolve continuamente esfor\u00e7os no sentido de oferecer um servi\u00e7o de qualidade e promover um relacionamento saud\u00e1vel com os seus clientes. Ainda assim, e apesar do nosso empenho, \u00e9 poss\u00edvel que nem sempre consigamos satisfazer totalmente as necessidades dos nossos clientes e\/ou pacientes.<br \/>\nSe esse \u00e9 o seu caso, e em primeira inst\u00e2ncia, recomendamos que se dirija \u00e0 direc\u00e7\u00e3o da Cl\u00ednica no sentido de apresentar a sua reclama\u00e7\u00e3o. Poder\u00e1 para o efeito usar o formul\u00e1rio ou directamente atrav\u00e9s dos\u00a0nossos <a href=\"https:\/\/clinicamedicadoporto.pt\/staging\/contactos-clinica-medica-do-porto\/\" target=\"_blank\" rel=\"noopener noreferrer\">contactos<\/a>. Se a resposta n\u00e3o for satisfat\u00f3ria, o consumidor poder\u00e1 ainda recorrer ao mecanismo da Resolu\u00e7\u00e3o Alternativa de Lit\u00edgios de Consumo.[\/vc_column_text][\/vc_column][vc_column width=&#8221;1\/3&#8243; offset=&#8221;vc_col-md-4 vc_col-xs-12&#8243;][vc_column_text]A <span style=\"color: #70c2b4\"><strong>Resolu\u00e7\u00e3o Alternativa de Lit\u00edgios de Consumo<\/strong><\/span> (vulgarmente designada RAL) \u00e9 uma forma f\u00e1cil e acess\u00edvel de resolver conflitos entre os consumidores e as empresas. O processo abrange a media\u00e7\u00e3o, a concilia\u00e7\u00e3o e a arbitragem (<a href=\"http:\/\/www.arbitragemdeconsumo.org\/\" target=\"_blank\" rel=\"noopener noreferrer\">saber mais<\/a>).<\/p>\n<p>Entidades independentes, com pessoal especializado e de modo imparcial, ajudam o consumidor e a empresa a chegar a uma solu\u00e7\u00e3o amig\u00e1vel por via da media\u00e7\u00e3o ou da concilia\u00e7\u00e3o. Caso esse acordo n\u00e3o seja alcan\u00e7ado pode ainda recorrer-se ao tribunal arbitral, de uma forma\u00a0mais simples e eventualmente menos morosa.[\/vc_column_text][\/vc_column][vc_column width=&#8221;1\/3&#8243; offset=&#8221;vc_col-md-4 vc_col-xs-12&#8243;][vc_column_text]Todos os fornecedores de bens e prestadores de servi\u00e7os est\u00e3o obrigados a informar os consumidores sobre as entidades <strong>RAL<\/strong> dispon\u00edveis ou \u00e0s que aderiram voluntariamente ou a que se encontram vinculados por for\u00e7a da lei.<\/p>\n<p>Para mais informa\u00e7\u00f5es, consulte o <strong><a href=\"https:\/\/www.consumidor.pt\/\" target=\"_blank\" rel=\"noopener noreferrer\">portal do consumidor<\/a><\/strong>.[\/vc_column_text][\/vc_column][\/vc_row][vc_row css=&#8221;.vc_custom_1575140698004{margin-top: 0px !important;padding-top: 0px !important;}&#8221;][vc_column width=&#8221;1\/3&#8243;][vc_single_image image=&#8221;3345&#8243; img_size=&#8221;full&#8221; onclick=&#8221;custom_link&#8221; img_link_target=&#8221;_blank&#8221; link=&#8221;http:\/\/www.cicap.pt\/&#8221;][\/vc_column][vc_column width=&#8221;2\/3&#8243;][vc_column_text]Em cumprimento do artigo 18.\u00ba da Lei n.\u00ba 144\/2015, de 8 de setembro, informa-se que a <strong>Cl\u00ednica M\u00e9dica do Porto<\/strong> \u00e9 uma empresa aderente do seguinte Centro de Arbitragem, ao qual o consumidor pode recorrer em caso de lit\u00edgio:<\/p>\n<p><strong>Centro de Informa\u00e7\u00e3o de Consumo e Arbitragem do Porto (CICAP)<\/strong><br \/>\n<a title=\"ver no google maps\" href=\"https:\/\/www.google.pt\/maps\/place\/R.+de+Dami%C3%A3o+de+G%C3%B3is+31,+4000-493+Porto\/@41.1614424,-8.6122474,17z\/data=!3m1!4b1!4m5!3m4!1s0xd2464567b801615:0x4d70c789ba7b14d!8m2!3d41.1614424!4d-8.6100587\" target=\"_blank\" rel=\"noopener noreferrer\">Rua Dami\u00e3o de G\u00f3is, n.\u00ba 31, Loja 6<\/a><br \/>\n4050-225 Porto<br \/>\n<a title=\"efectuar chamada\" href=\"tel:+351225508349\"><b>(+351) 225 508 349<\/b><\/a><\/p>\n<p><a title=\"ir para o site do cicap\" href=\"http:\/\/www.cicap.pt\" target=\"_blank\" rel=\"noopener\">www.cicap.pt<\/a>[\/vc_column_text][\/vc_column][\/vc_row][vc_row css=&#8221;.vc_custom_1575140840673{margin-top: 0px !important;padding-top: 0px !important;}&#8221;][vc_column][vc_row_inner content_placement=&#8221;middle&#8221;][vc_column_inner]<header class=\"kwayy-heading-wrapper kwayy-heading-wrapper-align-left\"><div class=\"kwayy-heading-wrapper-inner\"><h2 class=\"kwayy-heading-align-left\"><span>N\u00e3o tenho interesse na Media\u00e7\u00e3o\/ Concilia\u00e7\u00e3o Arbitragem<\/span><\/h2><\/div><\/header>[\/vc_column_inner][vc_column_inner][vc_column_text]A <a href=\"https:\/\/clinicamedicadoporto.pt\/staging\">Cl\u00ednica M\u00e9dica do Porto<\/a> disponibiliza-lhe v\u00e1rias formas de apresentar a sua reclama\u00e7\u00e3o. Dispomos do Livro de Reclama\u00e7\u00f5es em formato f\u00edsico, que poder\u00e1 solicitar na nossa recep\u00e7\u00e3o, ou em alternativa, se pretende apresentar a sua reclama\u00e7\u00e3o por via electr\u00f3nica, a Cl\u00ednica disponibiliza-lhe tamb\u00e9m o link para o site do <a href=\"https:\/\/www.livroreclamacoes.pt\/inicio\" target=\"_blank\" rel=\"noopener noreferrer\">Livro de Reclama\u00e7\u00f5es<\/a>.[\/vc_column_text][vc_single_image image=&#8221;7862&#8243; onclick=&#8221;custom_link&#8221; img_link_target=&#8221;_blank&#8221; link=&#8221;https:\/\/www.livroreclamacoes.pt\/inicio&#8221;][\/vc_column_inner][\/vc_row_inner][vc_empty_space height=&#8221;50px&#8221;][\/vc_column][\/vc_row]<\/p>\n<\/div>","protected":false},"excerpt":{"rendered":"<p>[vc_row css=&#8221;.vc_custom_1575139126141{margin-bottom: 0px !important;padding-top: 70px !important;padding-bottom: 0px !important;}&#8221;][vc_column][\/vc_column][\/vc_row][vc_row css=&#8221;.vc_custom_1473068094221{margin-top: 0px !important;padding-top: 0px !important;}&#8221;][vc_column width=&#8221;1\/3&#8243; offset=&#8221;vc_col-md-4 vc_col-xs-12&#8243;][vc_column_text]A Cl\u00ednica M\u00e9dica do Porto desenvolve continuamente esfor\u00e7os no sentido de oferecer um servi\u00e7o de qualidade e promover um relacionamento saud\u00e1vel com os seus clientes. Ainda assim, e apesar do nosso empenho, \u00e9 poss\u00edvel que nem sempre consigamos satisfazer totalmente [&hellip;]<\/p>\n","protected":false},"author":1,"featured_media":0,"parent":0,"menu_order":0,"comment_status":"closed","ping_status":"closed","template":"","meta":{"footnotes":""},"folder":[656],"class_list":["post-3344","page","type-page","status-publish","hentry"],"_links":{"self":[{"href":"https:\/\/clinicamedicadoporto.pt\/staging\/wp-json\/wp\/v2\/pages\/3344","targetHints":{"allow":["GET"]}}],"collection":[{"href":"https:\/\/clinicamedicadoporto.pt\/staging\/wp-json\/wp\/v2\/pages"}],"about":[{"href":"https:\/\/clinicamedicadoporto.pt\/staging\/wp-json\/wp\/v2\/types\/page"}],"author":[{"embeddable":true,"href":"https:\/\/clinicamedicadoporto.pt\/staging\/wp-json\/wp\/v2\/users\/1"}],"replies":[{"embeddable":true,"href":"https:\/\/clinicamedicadoporto.pt\/staging\/wp-json\/wp\/v2\/comments?post=3344"}],"version-history":[{"count":0,"href":"https:\/\/clinicamedicadoporto.pt\/staging\/wp-json\/wp\/v2\/pages\/3344\/revisions"}],"wp:attachment":[{"href":"https:\/\/clinicamedicadoporto.pt\/staging\/wp-json\/wp\/v2\/media?parent=3344"}],"wp:term":[{"taxonomy":"folder","embeddable":true,"href":"https:\/\/clinicamedicadoporto.pt\/staging\/wp-json\/wp\/v2\/folder?post=3344"}],"curies":[{"name":"wp","href":"https:\/\/api.w.org\/{rel}","templated":true}]}}