{"id":2285,"date":"2014-07-21T10:58:05","date_gmt":"2014-07-21T10:58:05","guid":{"rendered":"https:\/\/clinicamedicadoporto.pt\/staging\/?page_id=2285"},"modified":"2025-08-01T16:47:41","modified_gmt":"2025-08-01T15:47:41","slug":"contactos-clinica-medica-do-porto","status":"publish","type":"page","link":"https:\/\/clinicamedicadoporto.pt\/staging\/contactos-clinica-medica-do-porto\/","title":{"rendered":"Contactos Cl\u00ednica M\u00e9dica do Porto"},"content":{"rendered":"<div class=\"wpb-content-wrapper\"><p>[vc_section el_class=&#8221;site-main-padding-0&#8243;][vc_row bgtype=&#8221;skin&#8221; css=&#8221;.vc_custom_1544275239696{padding-top: 70px !important;padding-bottom: 15px !important;}&#8221;][vc_column]<header class=\"kwayy-heading-wrapper kwayy-heading-wrapper-align-center\"><div class=\"kwayy-heading-wrapper-inner\"><h1 class=\"kwayy-heading-align-center\"><span>Procura uma Cl\u00ednica perto de si e mesmo \u201caqui ao lado\u201d?<\/span><\/h1><\/div><p class=\"kwayy-subheading\">Veja no mapa onde est\u00e1 a Sua Cl\u00ednica: Porto, Rua da Venezuela 185. Contacto telef\u00f3nico fixo. 22 016 13 54 m\u00f3vel. 93 321 30 60 ou use o formul\u00e1rio de email. Responderemos o mais brevemente poss\u00edvel \ud83d\ude42<\/p><\/header>[\/vc_column][\/vc_row][\/vc_section][vc_row css=&#8221;.vc_custom_1544274625196{margin-top: 5px !important;padding-top: 0px !important;padding-bottom: 0px !important;}&#8221;][vc_column css=&#8221;.vc_custom_1544274401774{padding-top: 0px !important;padding-bottom: 0px !important;}&#8221;][vc_empty_space][vc_gmaps link=&#8221;#E-8_JTNDaWZyYW1lJTIwc3JjJTNEJTIyaHR0cHMlM0ElMkYlMkZ3d3cuZ29vZ2xlLmNvbSUyRm1hcHMlMkZlbWJlZCUzRnBiJTNEJTIxMW0xOCUyMTFtMTIlMjExbTMlMjExZDMwMDMuOTU4MDY5NDYwNzE3JTIxMmQtOC42NDU5ODIxODM5ODQ3MTklMjEzZDQxLjE1NzI2NjI3OTI4NiUyMTJtMyUyMTFmMCUyMTJmMCUyMTNmMCUyMTNtMiUyMTFpMTAyNCUyMTJpNzY4JTIxNGYxMy4xJTIxM20zJTIxMW0yJTIxMXMweGQyNDY1MTFjNzgxYmFjMSUyNTNBMHg1YjFjYmUxNDU0NjQ2MzU4JTIxMnNDbCUyNUMzJTI1QURuaWNhJTJCTSUyNUMzJTI1QTlkaWNhJTJCZG8lMkJQb3J0byUyMTVlMCUyMTNtMiUyMTFzZW4lMjEyc3B0JTIxNHYxNDcyNzQ1NDYxMDAyJTIyJTIwd2lkdGglM0QlMjI2MDAlMjIlMjBoZWlnaHQlM0QlMjI0NTAlMjIlMjBmcmFtZWJvcmRlciUzRCUyMjAlMjIlMjBzdHlsZSUzRCUyMmJvcmRlciUzQTAlMjIlMjBhbGxvd2Z1bGxzY3JlZW4lM0UlM0MlMkZpZnJhbWUlM0U=&#8221;][vc_column_text]A <a title=\"Visitar a Cl\u00ednica M\u00e9dica do Porto na aplica\u00e7\u00e3o Google Maps\" href=\"https:\/\/www.google.com\/maps\/place\/Cl%C3%ADnica+M%C3%A9dica+do+Porto\/@41.1573512,-8.6468537,17z\/data=!4m5!3m4!1s0xd246511c781bac1:0x5b1cbe1454646358!8m2!3d41.1572583!4d-8.643796\" target=\"_blank\" rel=\"noopener\"><strong>Cl\u00ednica M\u00e9dica do Porto<\/strong> fica situada na <strong>Rua da Venezuela, no n\u00ba185, no Porto<\/strong><\/a> . Pode contactar a Cl\u00ednica atrav\u00e9s do n de telefone <strong><a href=\"tel:+351933213060\">93 321 30 60<\/a><\/strong>\u00a0 (ou pelo telefone fixo que pode ver no rodap\u00e9).<br \/>\nPara quem necessita de refer\u00eancias adicionais, a Rua da Venezuela \u00e9 a Rua do restaurante <a title=\"ir para o site do restaurante\" href=\"http:\/\/www.bbgourmet.net\/bbgourmet-maiorca\" target=\"_blank\" rel=\"noopener noreferrer\">BB Gourmet Maiorca<\/a>. A Cl\u00ednica est\u00e1 localizada numa paralela \u00e0 Avenida da Boavista e \u00e0 Rua de Campo Alegre, situando-se precisamente entre estas duas Ruas.[\/vc_column_text][vc_empty_space height=&#8221;15px&#8221;][\/vc_column][\/vc_row][vc_row css=&#8221;.vc_custom_1541786863794{background-color: #f4f4f4 !important;}&#8221;][vc_column][vc_empty_space height=&#8221;35px&#8221;][vc_row_inner css=&#8221;.vc_custom_1472746060970{padding-bottom: 0px !important;}&#8221;][vc_column_inner width=&#8221;1\/3&#8243; css=&#8221;.vc_custom_1472745967111{padding-bottom: 0px !important;}&#8221;][vc_icon icon_fontawesome=&#8221;fa fa-solid fa-arrow-down&#8221; color=&#8221;custom&#8221; custom_color=&#8221;#70c2b4&#8243;]<header class=\"kwayy-heading-wrapper kwayy-heading-wrapper-align-left\"><div class=\"kwayy-heading-wrapper-inner\"><h2 class=\"kwayy-heading-align-left\"><span>A descer a Avenida da Boavista<\/span><\/h2><\/div><\/header>[vc_column_text]<strong>Se vem a descer a Avenida da Boavista, \u2013 em direc\u00e7\u00e3o a Oeste, ou seja:<br \/>\nRotunda da Boavista -&gt; Rotunda \u00a0do\u00a0Castelo do Queijo:<\/strong><br \/>\nao chegar ao Hotel Crowne Plaza, vira \u00e0 esquerda para a Rua de Ant\u00f3nio Cardoso, (na esquina encontra as lojas\u00a0<a title=\"site David Rosas\" href=\"https:\/\/davidrosas.com\/pages\/boavista\" target=\"_blank\" rel=\"noopener noreferrer\">David Rosas<\/a> e Lili de Sousa). Vira depois \u00e0 direita na primeira Rua onde tal \u00e9 permitido \u2013 essa \u00e9 a Rua da Venezuela.[\/vc_column_text][\/vc_column_inner][vc_column_inner width=&#8221;1\/3&#8243; css=&#8221;.vc_custom_1472745955575{padding-bottom: 0px !important;}&#8221;][vc_icon icon_fontawesome=&#8221;fa fa-solid fa-arrow-up&#8221; color=&#8221;custom&#8221; custom_color=&#8221;#70c2b4&#8243;]<header class=\"kwayy-heading-wrapper kwayy-heading-wrapper-align-left\"><div class=\"kwayy-heading-wrapper-inner\"><h2 class=\"kwayy-heading-align-left\"><span>A subir a Avenida da Boavista<\/span><\/h2><\/div><\/header>[vc_column_text]<strong>Se est\u00e1 a subir a Avenida da Boavista,\u00a0\u2013 em sentido a Este, ou seja:<br \/>\nRotunda do Castelo do Queijo\u00a0-&gt;\u00a0Rotunda da Boavista: <\/strong><br \/>\nvira \u00e0 sua direita na esquina onde est\u00e1 situado o restaurante \u201c<strong>MacDonalds<\/strong>\u201d e ir\u00e1 dar \u00e0 <strong>Rotunda de Bessa-Leite<\/strong>. Nessa rotunda sa\u00ed na 3\u00aa sa\u00edda e est\u00e1 na Rua da Venezuela. A Cl\u00ednica M\u00e9dica do Porto est\u00e1 sensivelmente a meio desta Rua.[\/vc_column_text][\/vc_column_inner][vc_column_inner width=&#8221;1\/3&#8243; css=&#8221;.vc_custom_1472745961518{padding-bottom: 0px !important;}&#8221;][vc_icon icon_fontawesome=&#8221;fa fa-solid fa-map&#8221; color=&#8221;custom&#8221; custom_color=&#8221;#70c2b4&#8243;]<header class=\"kwayy-heading-wrapper kwayy-heading-wrapper-align-left\"><div class=\"kwayy-heading-wrapper-inner\"><h2 class=\"kwayy-heading-align-left\"><span>Aonde fica a Cl\u00ednica no Porto?<\/span><\/h2><\/div><\/header>[vc_column_text]Para mais informa\u00e7\u00f5es, pode sempre ver o mapa no nosso site, no <a title=\"ir para a aplica\u00e7\u00e3o google maps\" href=\"https:\/\/www.google.pt\/maps\/place\/Rua+da+Venezuela,+Porto\/@41.1574486,-8.6455,17z\/data=!3m1!4b1!4m5!3m4!1s0xd24659e089b2293:0xb144a10e38f8c17c!8m2!3d41.1574486!4d-8.6433113\" target=\"_blank\" rel=\"noopener noreferrer\">google maps,<\/a> ou inserir as seguintes coordenadas no seu GPS<\/p>\n<p>em graus, minutos e segundos:<br \/>\n41\u00b009\u201927.0\u2033N 8\u00b038\u201937.5\u201dW<\/p>\n<p>em graus decimais:<br \/>\n(latitude) 41.157512, (longitude) -8.643756[\/vc_column_text][\/vc_column_inner][\/vc_row_inner][vc_row_inner equal_height=&#8221;yes&#8221; css=&#8221;.vc_custom_1544280118054{padding: 15px !important;background-color: #70c2b4 !important;border: 0px solid #70c2b4 !important;}&#8221;][vc_column_inner width=&#8221;1\/3&#8243;][vc_column_text]<span style=\"color: #ffffff\"><strong>Chegar \u00e0 Cl\u00ednica M\u00e9dica do Porto usando os transportes p\u00fablicos<br \/>\n<a style=\"color: #ffffff\" href=\"http:\/\/www.stcp.pt\/pt\/viajar\/\" target=\"_blank\" rel=\"noopener\">Consultar STCP<\/a><\/strong><\/span>[\/vc_column_text][\/vc_column_inner][vc_column_inner width=&#8221;1\/3&#8243;][vc_column_text]<span style=\"color: #ffffff\"><strong>Paragem Antonio Cardoso<\/strong><\/span><br \/>\n<span style=\"text-decoration: underline;color: #ffffff\">Rua Antonio Cardoso<\/span><br \/>\n<span style=\"color: #ffffff\">ZL<\/span><br \/>\n<span style=\"color: #ffffff\">504 (Norteshopping)<\/span><\/p>\n<p><span style=\"text-decoration: underline;color: #ffffff\">Av da Boavista<\/span><br \/>\n<span style=\"color: #ffffff\">203 (Castelo do Queijo)<\/span><br \/>\n<span style=\"color: #ffffff\">502 (Matosinhos Mercado)<\/span><br \/>\n<span style=\"color: #ffffff\">201 (Viso)<\/span><br \/>\n<span style=\"color: #ffffff\">503 (Gat\u00f5es)<\/span>[\/vc_column_text][\/vc_column_inner][vc_column_inner width=&#8221;1\/3&#8243;][vc_column_text]<span style=\"color: #ffffff\"><strong>Paragem Jardim Botanico<br \/>\n<\/strong><span style=\"text-decoration: underline\">Rua do Campo Alegre<\/span><\/span><br \/>\n<span style=\"color: #ffffff\">200 (Bolh\u00e3o)<\/span><br \/>\n<span style=\"color: #ffffff\">204 (Hospital de S. Jo\u00e3o)<\/span><br \/>\n<span style=\"color: #ffffff\">207 (Campanh\u00e3)<\/span><br \/>\n<span style=\"color: #ffffff\">504 (Boavista)<\/span><\/p>\n<p><span style=\"color: #ffffff\"><strong>Paragem Casa das Artes<br \/>\n<\/strong><span style=\"text-decoration: underline\">Rua de Ant\u00f3nio Cardoso<\/span><strong><br \/>\n<\/strong>504 (Norteshopping)<\/span><\/p>\n<p><span style=\"color: #ffffff\"><strong>Paragem Bairro Bessa Leite<\/strong><\/span><br \/>\n<span style=\"color: #ffffff\">ZL<\/span>[\/vc_column_text][\/vc_column_inner][\/vc_row_inner][vc_row_inner equal_height=&#8221;yes&#8221;][vc_column_inner][vc_column_text css=&#8221;.vc_custom_1616238299845{margin-bottom: 0px !important;}&#8221;]<\/p>\n<h3 class=\"special-h3\">Estacionar pr\u00f3ximo da Cl\u00ednica M\u00e9dica do Porto<\/h3>\n<p>[\/vc_column_text][\/vc_column_inner][vc_column_inner width=&#8221;1\/3&#8243; css=&#8221;.vc_custom_1541789649624{background-position: center !important;background-repeat: no-repeat !important;background-size: contain !important;}&#8221;][vc_column_text]Quer a Rua da Venezuela bem como as Ruas circundantes \u00e0 Cl\u00ednica M\u00e9dica do Porto t\u00eam estacionamento repartido entre Zonas Pagas e Zonas Gratuitas, sendo relativamente f\u00e1cil encontrar lugar. Ainda assim, existe tamb\u00e9m um parque p\u00fablico na Rua Brigadeiro Nunes da Ponte.[\/vc_column_text][\/vc_column_inner][vc_column_inner width=&#8221;2\/3&#8243;][vc_single_image image=&#8221;6273&#8243; img_size=&#8221;full&#8221;][\/vc_column_inner][\/vc_row_inner][vc_empty_space height=&#8221;50px&#8221;][\/vc_column][\/vc_row][vc_row parallax=&#8221;true&#8221; css=&#8221;.vc_custom_1696013623461{padding-top: 40px !important;background-position: center;background-repeat: no-repeat !important;background-size: cover !important;}&#8221; anchor=&#8221;form-contacto-cmd&#8221;][vc_column][vc_empty_space height=&#8221;50px&#8221;][vc_row_inner][vc_column_inner width=&#8221;1\/3&#8243; css=&#8221;.vc_custom_1472745670561{margin-bottom: 0px !important;padding-bottom: 0px !important;}&#8221;]<header class=\"kwayy-heading-wrapper kwayy-heading-wrapper-align-left\"><div class=\"kwayy-heading-wrapper-inner\"><h2 class=\"kwayy-heading-align-left\"><span>Envie-nos as suas d\u00favidas<\/span><\/h2><\/div><\/header>[vc_column_text]Claro que preferimos a sua visita. No entanto, caso n\u00e3o se possa deslocar \u00e0s nossas instala\u00e7\u00f5es, submeta as suas d\u00favidas utilizando o respectivo formul\u00e1rio.<\/p>\n<p>Fica a promessa de resposta com a maior brevidade poss\u00edvel.<\/p>\n<p><strong><span style=\"color: #000000\">Em alternativa, estamos \u00e0 dist\u00e2ncia de uma chamada telef\u00f3nica (clique no bot\u00e3o para efectuar a chamada).<\/span><\/strong>[\/vc_column_text][vc_btn title=&#8221;93 321 30 60&#8243; size=&#8221;lg&#8221; i_icon_fontawesome=&#8221;fa fa-solid fa-phone&#8221; add_icon=&#8221;true&#8221; link=&#8221;url:tel%3A%2B351933213060||target:%20_blank|&#8221;][vc_column_text]<span class=\"blink\" style=\"border-bottom: 2px solid #70c2b4\">Candidaturas e Recrutamento: Utilize o link no rodap\u00e9. Todas as Candidaturas efectuadas por este formul\u00e1rio ser\u00e3o ignoradas. Obrigado.<\/span>[\/vc_column_text][\/vc_column_inner][vc_column_inner width=&#8221;2\/3&#8243;]<header class=\"kwayy-heading-wrapper kwayy-heading-wrapper-align-left\"><div class=\"kwayy-heading-wrapper-inner\"><h2 class=\"kwayy-heading-align-left\"><span>Agende a sua consulta<\/span><\/h2><\/div><\/header>[vc_column_text]\n<div class=\"wpcf7 no-js\" id=\"wpcf7-f6-o1\" lang=\"pt-PT\" dir=\"ltr\" data-wpcf7-id=\"6\">\n<div class=\"screen-reader-response\"><p role=\"status\" aria-live=\"polite\" aria-atomic=\"true\"><\/p> <ul><\/ul><\/div>\n<form action=\"\/staging\/wp-json\/wp\/v2\/pages\/2285#wpcf7-f6-o1\" method=\"post\" class=\"wpcf7-form init\" aria-label=\"Formul\u00e1rio de contacto\" enctype=\"multipart\/form-data\" novalidate=\"novalidate\" data-status=\"init\">\n<fieldset class=\"hidden-fields-container\"><input type=\"hidden\" name=\"_wpcf7\" value=\"6\" \/><input type=\"hidden\" name=\"_wpcf7_version\" value=\"6.1.5\" \/><input type=\"hidden\" name=\"_wpcf7_locale\" value=\"pt_PT\" \/><input type=\"hidden\" name=\"_wpcf7_unit_tag\" value=\"wpcf7-f6-o1\" \/><input type=\"hidden\" name=\"_wpcf7_container_post\" value=\"0\" \/><input type=\"hidden\" name=\"_wpcf7_posted_data_hash\" value=\"\" \/><input type=\"hidden\" name=\"_wpcf7_recaptcha_response\" value=\"\" \/>\n<\/fieldset>\n<p><br \/>\n<span class=\"wpcf7-form-control-wrap\" data-name=\"your-name\"><input size=\"40\" maxlength=\"400\" class=\"wpcf7-form-control wpcf7-text wpcf7-validates-as-required\" aria-required=\"true\" aria-invalid=\"false\" placeholder=\"nome (obrigat\u00f3rio)\" value=\"\" type=\"text\" name=\"your-name\" \/><\/span>\n<\/p>\n<p><br \/>\n<span class=\"wpcf7-form-control-wrap\" data-name=\"your-email\"><input size=\"40\" maxlength=\"400\" class=\"wpcf7-form-control wpcf7-email wpcf7-validates-as-required wpcf7-text wpcf7-validates-as-email\" aria-required=\"true\" aria-invalid=\"false\" placeholder=\"email (obrigat\u00f3rio)\" value=\"\" type=\"email\" name=\"your-email\" \/><\/span>\n<\/p>\n<p><br \/>\n<span class=\"wpcf7-form-control-wrap\" data-name=\"tel-717\"><input size=\"40\" maxlength=\"400\" class=\"wpcf7-form-control wpcf7-tel wpcf7-validates-as-required wpcf7-text wpcf7-validates-as-tel\" aria-required=\"true\" aria-invalid=\"false\" placeholder=\"telefone (obrigat\u00f3rio)\" value=\"\" type=\"tel\" name=\"tel-717\" \/><\/span>\n<\/p>\n<p><br \/>\n<span class=\"wpcf7-form-control-wrap\" data-name=\"your-subject\"><input size=\"40\" maxlength=\"400\" class=\"wpcf7-form-control wpcf7-text\" aria-invalid=\"false\" placeholder=\"assunto\" value=\"\" type=\"text\" name=\"your-subject\" \/><\/span>\n<\/p>\n<p><br \/>\n<span class=\"wpcf7-form-control-wrap\" data-name=\"your-message\"><textarea cols=\"40\" rows=\"10\" maxlength=\"2000\" class=\"wpcf7-form-control wpcf7-textarea\" aria-invalid=\"false\" placeholder=\"escreva a sua mensagem\" name=\"your-message\"><\/textarea><\/span>\n<\/p>\n<p>Efectue o Seguinte C\u00e1lculo:<span class=\"wpcf7-form-control-wrap\" data-name=\"quiz-783\"><label><span class=\"wpcf7-quiz-label\">1+3=?<\/span> <input size=\"40\" class=\"wpcf7-form-control wpcf7-quiz\" autocomplete=\"off\" aria-required=\"true\" aria-invalid=\"false\" type=\"text\" name=\"quiz-783\" \/><\/label><input type=\"hidden\" name=\"_wpcf7_quiz_answer_quiz-783\" value=\"fc8958989f3dd60649f2305c8813137f\" \/><\/span>\n<\/p>\n<p>Envie os seus ficheiros no campo abaixo [LIMITE 2mb]:\n<\/p>\n<p><br \/>\n<span class=\"wpcf7-form-control-wrap\" data-name=\"file-897\"><input size=\"40\" class=\"wpcf7-form-control wpcf7-file\" accept=\".jpg,.png,.jpeg,.pdf\" aria-invalid=\"false\" type=\"file\" name=\"file-897\" \/><\/span>\n<\/p>\n<p><span id=\"wpcf7-69f2c577c1c20-wrapper\" class=\"wpcf7-form-control-wrap email_contactos-wrap\" style=\"display:none !important; visibility:hidden !important;\"><input type=\"hidden\" name=\"email_contactos-time-start\" value=\"1777517943\"><input type=\"hidden\" name=\"email_contactos-time-check\" value=\"4\"><label for=\"wpcf7-69f2c577c1c20-field\" class=\"hp-message\">Please leave this field empty.<\/label><input id=\"wpcf7-69f2c577c1c20-field\"  placeholder=\"Placeholder\"  class=\"wpcf7-form-control wpcf7-text\" type=\"text\" name=\"email_contactos\" value=\"\" size=\"40\" tabindex=\"-1\" autocomplete=\"new-password\" \/><\/span>\n<\/p>\n<p><input class=\"wpcf7-form-control wpcf7-submit has-spinner\" type=\"submit\" value=\"Enviar\" \/>\n<\/p><input type='hidden' class='wpcf7-pum' value='{\"closepopup\":false,\"closedelay\":0,\"openpopup\":false,\"openpopup_id\":0}' \/><div class=\"wpcf7-response-output\" aria-hidden=\"true\"><\/div>\n<\/form>\n<\/div>\n[\/vc_column_text][\/vc_column_inner][\/vc_row_inner][\/vc_column][\/vc_row]<\/p>\n<\/div>","protected":false},"excerpt":{"rendered":"<p>[vc_section el_class=&#8221;site-main-padding-0&#8243;][vc_row bgtype=&#8221;skin&#8221; css=&#8221;.vc_custom_1544275239696{padding-top: 70px !important;padding-bottom: 15px !important;}&#8221;][vc_column][\/vc_column][\/vc_row][\/vc_section][vc_row css=&#8221;.vc_custom_1544274625196{margin-top: 5px !important;padding-top: 0px !important;padding-bottom: 0px !important;}&#8221;][vc_column css=&#8221;.vc_custom_1544274401774{padding-top: 0px !important;padding-bottom: 0px !important;}&#8221;][vc_empty_space][vc_gmaps link=&#8221;#E-8_JTNDaWZyYW1lJTIwc3JjJTNEJTIyaHR0cHMlM0ElMkYlMkZ3d3cuZ29vZ2xlLmNvbSUyRm1hcHMlMkZlbWJlZCUzRnBiJTNEJTIxMW0xOCUyMTFtMTIlMjExbTMlMjExZDMwMDMuOTU4MDY5NDYwNzE3JTIxMmQtOC42NDU5ODIxODM5ODQ3MTklMjEzZDQxLjE1NzI2NjI3OTI4NiUyMTJtMyUyMTFmMCUyMTJmMCUyMTNmMCUyMTNtMiUyMTFpMTAyNCUyMTJpNzY4JTIxNGYxMy4xJTIxM20zJTIxMW0yJTIxMXMweGQyNDY1MTFjNzgxYmFjMSUyNTNBMHg1YjFjYmUxNDU0NjQ2MzU4JTIxMnNDbCUyNUMzJTI1QURuaWNhJTJCTSUyNUMzJTI1QTlkaWNhJTJCZG8lMkJQb3J0byUyMTVlMCUyMTNtMiUyMTFzZW4lMjEyc3B0JTIxNHYxNDcyNzQ1NDYxMDAyJTIyJTIwd2lkdGglM0QlMjI2MDAlMjIlMjBoZWlnaHQlM0QlMjI0NTAlMjIlMjBmcmFtZWJvcmRlciUzRCUyMjAlMjIlMjBzdHlsZSUzRCUyMmJvcmRlciUzQTAlMjIlMjBhbGxvd2Z1bGxzY3JlZW4lM0UlM0MlMkZpZnJhbWUlM0U=&#8221;][vc_column_text]A Cl\u00ednica M\u00e9dica do Porto fica situada na Rua da Venezuela, no n\u00ba185, no Porto . Pode contactar a Cl\u00ednica atrav\u00e9s do n de telefone 93 321 30 60\u00a0 (ou pelo telefone fixo que pode [&hellip;]<\/p>\n","protected":false},"author":1,"featured_media":0,"parent":0,"menu_order":12,"comment_status":"closed","ping_status":"open","template":"","meta":{"footnotes":""},"folder":[660],"class_list":["post-2285","page","type-page","status-publish","hentry"],"_links":{"self":[{"href":"https:\/\/clinicamedicadoporto.pt\/staging\/wp-json\/wp\/v2\/pages\/2285","targetHints":{"allow":["GET"]}}],"collection":[{"href":"https:\/\/clinicamedicadoporto.pt\/staging\/wp-json\/wp\/v2\/pages"}],"about":[{"href":"https:\/\/clinicamedicadoporto.pt\/staging\/wp-json\/wp\/v2\/types\/page"}],"author":[{"embeddable":true,"href":"https:\/\/clinicamedicadoporto.pt\/staging\/wp-json\/wp\/v2\/users\/1"}],"replies":[{"embeddable":true,"href":"https:\/\/clinicamedicadoporto.pt\/staging\/wp-json\/wp\/v2\/comments?post=2285"}],"version-history":[{"count":0,"href":"https:\/\/clinicamedicadoporto.pt\/staging\/wp-json\/wp\/v2\/pages\/2285\/revisions"}],"wp:attachment":[{"href":"https:\/\/clinicamedicadoporto.pt\/staging\/wp-json\/wp\/v2\/media?parent=2285"}],"wp:term":[{"taxonomy":"folder","embeddable":true,"href":"https:\/\/clinicamedicadoporto.pt\/staging\/wp-json\/wp\/v2\/folder?post=2285"}],"curies":[{"name":"wp","href":"https:\/\/api.w.org\/{rel}","templated":true}]}}