{"id":17811,"date":"2024-02-15T17:44:27","date_gmt":"2024-02-15T17:44:27","guid":{"rendered":"https:\/\/clinicamedicadoporto.pt\/staging\/?page_id=17811"},"modified":"2025-08-01T16:47:47","modified_gmt":"2025-08-01T15:47:47","slug":"impressum","status":"publish","type":"page","link":"https:\/\/clinicamedicadoporto.pt\/staging\/impressum\/","title":{"rendered":"Impressum Cl\u00ednica M\u00e9dica do Porto"},"content":{"rendered":"<div class=\"wpb-content-wrapper\"><p>[vc_section css=&#8221;.vc_custom_1708018934439{padding-bottom: 80px !important;}&#8221;][vc_row][vc_column][vc_column_text css=&#8221;&#8221;]<\/p>\n<h2 class=\"equal-h1\" style=\"text-align: center\">Nome da Empresa<\/h2>\n<p class=\"p1\" style=\"text-align: center\">Cl\u00ednica M\u00e9dica do Porto<\/p>\n<h2 class=\"equal-h1\" style=\"text-align: center\">Designa\u00e7\u00e3o Legal<\/h2>\n<p class=\"p1\" style=\"text-align: center\">NUTHOP &#8211; Servi\u00e7os de Sa\u00fade Lda.<\/p>\n<h2 class=\"equal-h1\" style=\"text-align: center\">Endere\u00e7o da Sede<\/h2>\n<p class=\"p1\" style=\"text-align: center\">Rua da Venezuela, 185,<br \/>\n4150-744 Porto<\/p>\n<h2 class=\"equal-h1\" style=\"text-align: center\">Contactos Telef\u00f3nicos<\/h2>\n<p class=\"p1\" style=\"text-align: center\">M\u00f3vel: 933 213 060<br \/>\nFixo: 22 016 13 54<br \/>\n(Chamadas para a rede local)<\/p>\n<h2 class=\"equal-h1\" style=\"text-align: center\">Contactos de Email<\/h2>\n<p class=\"p1\" style=\"text-align: center\">Email: info[ ]clinicamedicadoporto.pt<\/p>\n<h2 class=\"equal-h1\" style=\"text-align: center\">Website:<\/h2>\n<p style=\"text-align: center\"><a href=\"https:\/\/clinicamedicadoporto.pt\/staging\">clinicamedicadoporto.pt<\/a><\/p>\n<h2 class=\"equal-h1\" style=\"text-align: center\">Respons\u00e1vel pelo Conte\u00fado<\/h2>\n<p class=\"p1\" style=\"text-align: center\">Cl\u00ednica M\u00e9dica do Porto<br \/>\nNUTHOP &#8211; Servi\u00e7os de Sa\u00fade Lda.<\/p>\n<h2 class=\"equal-h1\" style=\"text-align: center\">Regulador<\/h2>\n<p class=\"p1\" style=\"text-align: center\">Entidade Reguladora da Sa\u00fade (Portugal)<br \/>\nLicen\u00e7a de Funcionamento: 12228\/2016<br \/>\nCertid\u00e3o de Registo: E131963<\/p>\n<h2 class=\"equal-h1\" style=\"text-align: center\">Registo Comercial<\/h2>\n<p class=\"p1\" style=\"text-align: center\">513903453<\/p>\n<h2 class=\"equal-h1\" style=\"text-align: center\">N\u00famero de Identifica\u00e7\u00e3o Fiscal (NIF)<\/h2>\n<p class=\"p1\" style=\"text-align: center\">PT513903453<\/p>\n<h2 class=\"equal-h1\" style=\"text-align: center\">Pol\u00edtica de Privacidade<\/h2>\n<p class=\"p1\" style=\"text-align: center\">Para informa\u00e7\u00f5es sobre nossa pol\u00edtica de privacidade, por favor, consulte o nosso site em <a href=\"https:\/\/clinicamedicadoporto.pt\/staging\/politica-de-privacidade-clinica-medica-do-porto\">www.clinicamedicadoporto.pt\/politica-de-privacidade-clinica-medica-do-porto<\/a><\/p>\n<h2 class=\"equal-h1\" style=\"text-align: center\">Resolu\u00e7\u00e3o de Lit\u00edgios de Consumo Online (RLLC):<\/h2>\n<p class=\"p1\" style=\"text-align: center\">Conforme o disposto na legisla\u00e7\u00e3o portuguesa, em caso de lit\u00edgio, o consumidor pode recorrer a uma entidade de<br \/>\nresolu\u00e7\u00e3o alternativa de lit\u00edgios de consumo. Mais informa\u00e7\u00f5es em <a href=\"https:\/\/clinicamedicadoporto.pt\/staging\/resolucao-litigios-consumowww.clinicamedicadoporto.pt\/resolucao-litigios-consumo\">www.clinicamedicadoporto.pt\/resolucao-litigios-consumo<\/a>.<\/p>\n<p class=\"p1\" style=\"text-align: center\">Para mais informa\u00e7\u00f5es sobre nossos servi\u00e7os e outras consultas, por favor, entre em contato conosco.<\/p>\n<p>[\/vc_column_text][\/vc_column][\/vc_row][\/vc_section]<\/p>\n<\/div>","protected":false},"excerpt":{"rendered":"<p>[vc_section css=&#8221;.vc_custom_1708018934439{padding-bottom: 80px !important;}&#8221;][vc_row][vc_column][vc_column_text css=&#8221;&#8221;] Nome da Empresa Cl\u00ednica M\u00e9dica do Porto Designa\u00e7\u00e3o Legal NUTHOP &#8211; Servi\u00e7os de Sa\u00fade Lda. Endere\u00e7o da Sede Rua da Venezuela, 185, 4150-744 Porto Contactos Telef\u00f3nicos M\u00f3vel: 933 213 060 Fixo: 22 016 13 54 (Chamadas para a rede local) Contactos de Email Email: info[ ]clinicamedicadoporto.pt Website: clinicamedicadoporto.pt Respons\u00e1vel pelo [&hellip;]<\/p>\n","protected":false},"author":1,"featured_media":0,"parent":0,"menu_order":0,"comment_status":"closed","ping_status":"closed","template":"","meta":{"footnotes":""},"folder":[659],"class_list":["post-17811","page","type-page","status-publish","hentry"],"_links":{"self":[{"href":"https:\/\/clinicamedicadoporto.pt\/staging\/wp-json\/wp\/v2\/pages\/17811","targetHints":{"allow":["GET"]}}],"collection":[{"href":"https:\/\/clinicamedicadoporto.pt\/staging\/wp-json\/wp\/v2\/pages"}],"about":[{"href":"https:\/\/clinicamedicadoporto.pt\/staging\/wp-json\/wp\/v2\/types\/page"}],"author":[{"embeddable":true,"href":"https:\/\/clinicamedicadoporto.pt\/staging\/wp-json\/wp\/v2\/users\/1"}],"replies":[{"embeddable":true,"href":"https:\/\/clinicamedicadoporto.pt\/staging\/wp-json\/wp\/v2\/comments?post=17811"}],"version-history":[{"count":0,"href":"https:\/\/clinicamedicadoporto.pt\/staging\/wp-json\/wp\/v2\/pages\/17811\/revisions"}],"wp:attachment":[{"href":"https:\/\/clinicamedicadoporto.pt\/staging\/wp-json\/wp\/v2\/media?parent=17811"}],"wp:term":[{"taxonomy":"folder","embeddable":true,"href":"https:\/\/clinicamedicadoporto.pt\/staging\/wp-json\/wp\/v2\/folder?post=17811"}],"curies":[{"name":"wp","href":"https:\/\/api.w.org\/{rel}","templated":true}]}}